{"id":140,"date":"2021-06-25T09:26:20","date_gmt":"2021-06-25T09:26:20","guid":{"rendered":"https:\/\/enplanos.com.co\/tienda\/?page_id=140"},"modified":"2021-07-26T21:19:49","modified_gmt":"2021-07-26T21:19:49","slug":"tienda-enplanos","status":"publish","type":"page","link":"https:\/\/enplanos.com.co\/tienda\/","title":{"rendered":"Tienda Enplanos"},"content":{"rendered":"\t\t<div data-elementor-type=\"wp-page\" data-elementor-id=\"140\" class=\"elementor elementor-140\" data-elementor-settings=\"[]\">\n\t\t\t\t\t\t\t<div class=\"elementor-section-wrap\">\n\t\t\t\t\t\t\t<section class=\"elementor-section elementor-top-section elementor-element elementor-element-37d0d83 elementor-section-height-full elementor-section-content-bottom elementor-section-boxed elementor-section-height-default elementor-section-items-middle\" data-id=\"37d0d83\" data-element_type=\"section\" data-settings=\"{&quot;background_background&quot;:&quot;classic&quot;}\">\n\t\t\t\t\t\t<div class=\"elementor-container elementor-column-gap-no\">\n\t\t\t\t\t<div class=\"elementor-column elementor-col-100 elementor-top-column elementor-element elementor-element-0ea3ca3\" data-id=\"0ea3ca3\" data-element_type=\"column\">\n\t\t\t<div class=\"elementor-widget-wrap elementor-element-populated\">\n\t\t\t\t\t\t\t\t<section class=\"elementor-section elementor-inner-section elementor-element elementor-element-b3f9a43 elementor-section-height-min-height elementor-section-content-bottom elementor-reverse-mobile elementor-section-boxed elementor-section-height-default\" data-id=\"b3f9a43\" data-element_type=\"section\">\n\t\t\t\t\t\t<div class=\"elementor-container elementor-column-gap-no\">\n\t\t\t\t\t<div class=\"elementor-column elementor-col-100 elementor-inner-column elementor-element elementor-element-cf169ea\" data-id=\"cf169ea\" data-element_type=\"column\">\n\t\t\t<div class=\"elementor-widget-wrap elementor-element-populated\">\n\t\t\t\t\t\t\t\t<div class=\"elementor-element elementor-element-4b11499 elementor-widget elementor-widget-heading\" data-id=\"4b11499\" data-element_type=\"widget\" data-settings=\"{&quot;motion_fx_motion_fx_scrolling&quot;:&quot;yes&quot;,&quot;motion_fx_translateY_effect&quot;:&quot;yes&quot;,&quot;motion_fx_translateY_speed&quot;:{&quot;unit&quot;:&quot;px&quot;,&quot;size&quot;:0.5,&quot;sizes&quot;:[]},&quot;motion_fx_translateY_affectedRange&quot;:{&quot;unit&quot;:&quot;%&quot;,&quot;size&quot;:&quot;&quot;,&quot;sizes&quot;:{&quot;start&quot;:0,&quot;end&quot;:100}},&quot;motion_fx_devices&quot;:[&quot;desktop&quot;,&quot;tablet&quot;,&quot;mobile&quot;]}\" data-widget_type=\"heading.default\">\n\t\t\t\t<div class=\"elementor-widget-container\">\n\t\t\t<h1 class=\"elementor-heading-title elementor-size-default\">Elevando<br>tu espacio<\/h1>\t\t<\/div>\n\t\t\t\t<\/div>\n\t\t\t\t\t<\/div>\n\t\t<\/div>\n\t\t\t\t\t\t\t<\/div>\n\t\t<\/section>\n\t\t\t\t\t<\/div>\n\t\t<\/div>\n\t\t\t\t\t\t\t<\/div>\n\t\t<\/section>\n\t\t\t\t<section class=\"elementor-section elementor-top-section elementor-element elementor-element-2cdf4c4 elementor-section-boxed elementor-section-height-default elementor-section-height-default\" data-id=\"2cdf4c4\" data-element_type=\"section\" data-settings=\"{&quot;background_background&quot;:&quot;classic&quot;}\">\n\t\t\t\t\t\t<div class=\"elementor-container elementor-column-gap-default\">\n\t\t\t\t\t<div class=\"elementor-column elementor-col-100 elementor-top-column elementor-element elementor-element-d6292a4\" data-id=\"d6292a4\" data-element_type=\"column\">\n\t\t\t<div class=\"elementor-widget-wrap elementor-element-populated\">\n\t\t\t\t\t\t\t\t<div class=\"elementor-element elementor-element-877b18b elementor-widget elementor-widget-heading\" data-id=\"877b18b\" data-element_type=\"widget\" data-widget_type=\"heading.default\">\n\t\t\t\t<div class=\"elementor-widget-container\">\n\t\t\t<h2 class=\"elementor-heading-title elementor-size-default\">Dise\u00f1o Colectivo<\/h2>\t\t<\/div>\n\t\t\t\t<\/div>\n\t\t\t\t<div class=\"elementor-element elementor-element-8446d9b elementor-widget elementor-widget-text-editor\" data-id=\"8446d9b\" data-element_type=\"widget\" data-widget_type=\"text-editor.default\">\n\t\t\t\t<div class=\"elementor-widget-container\">\n\t\t\t\t\t\t\t\tEnplanos es genuina en su prop\u00f3sito e intenci\u00f3n de impactar en todo sentido. Conectamos el entorno con el ser, por eso es importante para nosotros crear un espacio donde mas creativos puedan exponer su potencial y enriquecer el lugar que habitas.\t\t\t\t\t\t<\/div>\n\t\t\t\t<\/div>\n\t\t\t\t<div class=\"elementor-element elementor-element-cd7622d elementor-widget elementor-widget-text-editor\" data-id=\"cd7622d\" data-element_type=\"widget\" data-widget_type=\"text-editor.default\">\n\t\t\t\t<div class=\"elementor-widget-container\">\n\t\t\t\t\t\t\t\t<p>Conoce la variedad de productos diversos en materialidad y estilos creados por dise\u00f1adores colombianos.<\/p>\t\t\t\t\t\t<\/div>\n\t\t\t\t<\/div>\n\t\t\t\t<div class=\"elementor-element elementor-element-ba8a92e elementor-products-columns-3 elementor-product-loop-item--align-center elementor-products-grid elementor-wc-products elementor-widget elementor-widget-wc-categories\" data-id=\"ba8a92e\" data-element_type=\"widget\" data-widget_type=\"wc-categories.default\">\n\t\t\t\t<div class=\"elementor-widget-container\">\n\t\t\t<div class=\"woocommerce columns-3\"><ul class=\"products columns-3\">\n<li class=\"product-category product first\">\n\t<\/li>\n<li class=\"product-category product\">\n\t<\/li>\n<li class=\"product-category product last\">\n\t<\/li>\n<\/ul>\n<\/div>\t\t<\/div>\n\t\t\t\t<\/div>\n\t\t\t\t<section class=\"elementor-section elementor-inner-section elementor-element elementor-element-4bd3783 elementor-section-content-middle elementor-section-full_width elementor-section-height-default elementor-section-height-default\" data-id=\"4bd3783\" data-element_type=\"section\">\n\t\t\t\t\t\t<div class=\"elementor-container elementor-column-gap-no\">\n\t\t\t\t\t<div class=\"elementor-column elementor-col-33 elementor-inner-column elementor-element elementor-element-550ee78\" data-id=\"550ee78\" data-element_type=\"column\">\n\t\t\t<div class=\"elementor-widget-wrap\">\n\t\t\t\t\t\t\t\t\t<\/div>\n\t\t<\/div>\n\t\t\t\t<div class=\"elementor-column elementor-col-33 elementor-inner-column elementor-element elementor-element-517c729\" data-id=\"517c729\" data-element_type=\"column\" data-settings=\"{&quot;background_background&quot;:&quot;classic&quot;}\">\n\t\t\t<div class=\"elementor-widget-wrap elementor-element-populated\">\n\t\t\t\t\t\t\t\t<div class=\"elementor-element elementor-element-519a37b elementor-widget elementor-widget-heading\" data-id=\"519a37b\" data-element_type=\"widget\" data-widget_type=\"heading.default\">\n\t\t\t\t<div class=\"elementor-widget-container\">\n\t\t\t<h2 class=\"elementor-heading-title elementor-size-default\">Nuestros Favoritos<\/h2>\t\t<\/div>\n\t\t\t\t<\/div>\n\t\t\t\t\t<\/div>\n\t\t<\/div>\n\t\t\t\t<div class=\"elementor-column elementor-col-33 elementor-inner-column elementor-element elementor-element-b7a5095\" data-id=\"b7a5095\" data-element_type=\"column\">\n\t\t\t<div class=\"elementor-widget-wrap\">\n\t\t\t\t\t\t\t\t\t<\/div>\n\t\t<\/div>\n\t\t\t\t\t\t\t<\/div>\n\t\t<\/section>\n\t\t\t\t\t<\/div>\n\t\t<\/div>\n\t\t\t\t\t\t\t<\/div>\n\t\t<\/section>\n\t\t\t\t<section class=\"elementor-section elementor-top-section elementor-element elementor-element-275bb24 elementor-section-boxed elementor-section-height-default elementor-section-height-default\" data-id=\"275bb24\" data-element_type=\"section\">\n\t\t\t\t\t\t<div class=\"elementor-container elementor-column-gap-default\">\n\t\t\t\t\t<div class=\"elementor-column elementor-col-100 elementor-top-column elementor-element elementor-element-0b32ef3\" data-id=\"0b32ef3\" data-element_type=\"column\">\n\t\t\t<div class=\"elementor-widget-wrap elementor-element-populated\">\n\t\t\t\t\t\t\t\t<div class=\"elementor-element elementor-element-c376347 elementor-products-columns-3 elementor-product-loop-item--align-center elementor-products-columns-mobile-1 elementor-products-grid elementor-wc-products elementor-widget elementor-widget-woocommerce-products\" data-id=\"c376347\" data-element_type=\"widget\" data-widget_type=\"woocommerce-products.default\">\n\t\t\t\t<div class=\"elementor-widget-container\">\n\t\t\t<div class=\"woocommerce columns-3 \"><ul class=\"products columns-3\">\n<li class=\"product type-product post-111 status-publish first instock product_cat-mesa-de-centros product_cat-mobiliario has-post-thumbnail shipping-taxable purchasable product-type-simple\">\n\t<\/li>\n<li class=\"product type-product post-113 status-publish instock product_cat-mobiliario product_cat-sillas has-post-thumbnail shipping-taxable purchasable product-type-simple\">\n\t<\/li>\n<li class=\"product type-product post-115 status-publish last instock product_cat-mobiliario product_cat-sillas has-post-thumbnail shipping-taxable purchasable product-type-simple\">\n\t<\/li>\n<\/ul>\n<\/div>\t\t<\/div>\n\t\t\t\t<\/div>\n\t\t\t\t\t<\/div>\n\t\t<\/div>\n\t\t\t\t\t\t\t<\/div>\n\t\t<\/section>\n\t\t\t\t<section class=\"elementor-section elementor-top-section elementor-element elementor-element-e61fb2d elementor-section-boxed elementor-section-height-default elementor-section-height-default\" data-id=\"e61fb2d\" data-element_type=\"section\">\n\t\t\t\t\t\t<div class=\"elementor-container elementor-column-gap-default\">\n\t\t\t\t\t<div class=\"elementor-column elementor-col-100 elementor-top-column elementor-element elementor-element-5e937db\" data-id=\"5e937db\" data-element_type=\"column\">\n\t\t\t<div class=\"elementor-widget-wrap elementor-element-populated\">\n\t\t\t\t\t\t\t\t<div class=\"elementor-element elementor-element-da6ddf5 elementor-widget elementor-widget-heading\" data-id=\"da6ddf5\" data-element_type=\"widget\" data-widget_type=\"heading.default\">\n\t\t\t\t<div class=\"elementor-widget-container\">\n\t\t\t<h2 class=\"elementor-heading-title elementor-size-default\">Productos<\/h2>\t\t<\/div>\n\t\t\t\t<\/div>\n\t\t\t\t<div class=\"elementor-element elementor-element-2700952 elementor-products-columns-3 elementor-products-columns-tablet-2 elementor-products-columns-mobile-1 elementor-product-loop-item--align-left elementor-product-loop-item--align-center elementor-products-grid elementor-wc-products elementor-show-pagination-border-yes elementor-widget elementor-widget-woocommerce-products\" data-id=\"2700952\" data-element_type=\"widget\" data-widget_type=\"woocommerce-products.default\">\n\t\t\t\t<div class=\"elementor-widget-container\">\n\t\t\t<div class=\"woocommerce columns-3 \"><ul class=\"products columns-3\">\n<li class=\"product type-product post-111 status-publish first instock product_cat-mesa-de-centros product_cat-mobiliario has-post-thumbnail shipping-taxable purchasable product-type-simple\">\n\t<\/li>\n<li class=\"product type-product post-113 status-publish instock product_cat-mobiliario product_cat-sillas has-post-thumbnail shipping-taxable purchasable product-type-simple\">\n\t<\/li>\n<li class=\"product type-product post-115 status-publish last instock product_cat-mobiliario product_cat-sillas has-post-thumbnail shipping-taxable purchasable product-type-simple\">\n\t<\/li>\n<li class=\"product type-product post-117 status-publish first instock product_cat-iluminacion product_cat-lamparas-de-pared has-post-thumbnail shipping-taxable purchasable product-type-simple\">\n\t<\/li>\n<li class=\"product type-product post-447 status-publish instock product_cat-mobiliario product_cat-sillas has-post-thumbnail shipping-taxable purchasable product-type-simple\">\n\t<\/li>\n<\/ul>\n<\/div>\t\t<\/div>\n\t\t\t\t<\/div>\n\t\t\t\t\t<\/div>\n\t\t<\/div>\n\t\t\t\t\t\t\t<\/div>\n\t\t<\/section>\n\t\t\t\t\t\t<\/div>\n\t\t\t\t\t<\/div>\n\t\t","protected":false},"excerpt":{"rendered":"<p>Elevandotu espacio Dise\u00f1o Colectivo Enplanos es genuina en su prop\u00f3sito e intenci\u00f3n de impactar en todo sentido. Conectamos el entorno con el ser, por eso es importante para nosotros crear un espacio donde mas creativos puedan exponer su potencial y enriquecer el lugar que habitas. Conoce la variedad de productos diversos en materialidad y estilos [&hellip;]<\/p>\n","protected":false},"author":1,"featured_media":0,"parent":0,"menu_order":0,"comment_status":"closed","ping_status":"closed","template":"","meta":{"footnotes":""},"class_list":["post-140","page","type-page","status-publish","hentry"],"_links":{"self":[{"href":"https:\/\/enplanos.com.co\/tienda\/wp-json\/wp\/v2\/pages\/140","targetHints":{"allow":["GET"]}}],"collection":[{"href":"https:\/\/enplanos.com.co\/tienda\/wp-json\/wp\/v2\/pages"}],"about":[{"href":"https:\/\/enplanos.com.co\/tienda\/wp-json\/wp\/v2\/types\/page"}],"author":[{"embeddable":true,"href":"https:\/\/enplanos.com.co\/tienda\/wp-json\/wp\/v2\/users\/1"}],"replies":[{"embeddable":true,"href":"https:\/\/enplanos.com.co\/tienda\/wp-json\/wp\/v2\/comments?post=140"}],"version-history":[{"count":118,"href":"https:\/\/enplanos.com.co\/tienda\/wp-json\/wp\/v2\/pages\/140\/revisions"}],"predecessor-version":[{"id":666,"href":"https:\/\/enplanos.com.co\/tienda\/wp-json\/wp\/v2\/pages\/140\/revisions\/666"}],"wp:attachment":[{"href":"https:\/\/enplanos.com.co\/tienda\/wp-json\/wp\/v2\/media?parent=140"}],"curies":[{"name":"wp","href":"https:\/\/api.w.org\/{rel}","templated":true}]}}